{"id":2,"date":"2016-05-10T03:48:21","date_gmt":"2016-05-10T03:48:21","guid":{"rendered":"http:\/\/diesterwegschule-soemmerda.de\/?page_id=2"},"modified":"2024-11-23T16:51:17","modified_gmt":"2024-11-23T16:51:17","slug":"sample-page","status":"publish","type":"page","link":"https:\/\/diesterwegschule-soemmerda.de\/?page_id=2","title":{"rendered":"Impressum"},"content":{"rendered":"<p><strong>Herausgeber<\/strong><br \/>Freistaat Th\u00fcringen vertreten durch die<br \/>Staatliche Grundschule \u201eAdolph Diesterweg\u201c<br \/>Albert-Schweitzer-Stra\u00dfe 45<br \/>99610 S\u00f6mmerda<\/p>\n<p><strong>Telefon<\/strong><br \/>(0 36 34) 62 15 03<\/p>\n<p><strong>Telefax<\/strong><br \/>(0 36 34) 61 33 13<\/p>\n<p><strong>E-Mail<\/strong><br \/><a href=\"mailto:gs.diesterweg.soemmerda@schulen-soem.de\" target=\"_blank\" rel=\"noopener noreferrer\">gs.diesterweg.soemmerda@schulen-soem.de<\/a><\/p>\n<p><strong>Internet<\/strong><br \/>www.diesterwegschule-soemmerda.de<\/p>\n<p><strong>Vertretungsberechtigte<\/strong><br \/>Anne H\u00f6lzer (Schulleiterin)<\/p>\n<p><strong>Verantwortlich im Sinne von \u00a755 RStV<br \/><\/strong>Staatliche Grundschule \u201eAdolph Diesterweg\u201c<br \/>Albert-Schweitzer-Stra\u00dfe 45<br \/>99610 S\u00f6mmerda<\/p>\n<p>Schulleiterin Anne H\u00f6lzer (Datenschutzbeauftragte)<br \/>Telefon:\u00a0 (0 36 34) 62 15 03<br \/>Email:<a href=\"mailto:gs.diesterweg.soemmerda@schulen-soem.de\" target=\"_blank\" rel=\"noopener noreferrer\">gs.diesterweg.soemmerda@schulen-soem.de<\/a><\/p>\n<p><strong>Rechtliche Hinweise<\/strong><\/p>\n<p><strong>Urheberrecht<br \/><\/strong>Texte, Bilder, Grafiken und Fotos sowie die Gestaltung dieser Internetseiten unterliegen dem Urheberrecht. Sie d\u00fcrfen von Ihnen nur zum privaten und sonstigem eigenen Gebrauch im Rahmen des \u00a753 Urheberrechtsgesetz (UrhG) ohne jede \u00c4nderung vervielf\u00e4ltigt werden. Eine Verbreitung von Kopien (analog oder digital) oder Ausz\u00fcgen ist nur mit schriftlicher Genehmigung zul\u00e4ssig. Der Nachdruck und die Auswertung von Pressemitteilungen und Reden sind mit Quellenangabe gestattet.<\/p>\n<p>Texte, Bilder, Grafiken und sonstige Materialien k\u00f6nnen ganz oder teilweise dem Urheberrecht Dritter unterliegen. Die Inhalte Dritter sind als solche kenntlich gemacht und d\u00fcrfen ohne Einwilligung des Rechteinhabers nicht vervielf\u00e4ltigt, \u00f6ffentlich zug\u00e4nglich gemacht oder \u00f6ffentlich wiedergegeben werden.<\/p>\n<p><strong>Haftung f\u00fcr Inhalte<br \/><\/strong>Die Informationen, die Sie auf diesem Internetauftritt vorfinden, wurden nach bestem Wissen und Gewissen sorgf\u00e4ltig zusammengestellt und gepr\u00fcft. F\u00fcr die Richtigkeit, Vollst\u00e4ndigkeit, Aktualit\u00e4t und Qualit\u00e4t und jederzeitige Verf\u00fcgbarkeit der bereitgestellten Informationen wird jedoch keine Gew\u00e4hr \u00fcbernommen.<\/p>\n<p>Diensteanbieter sind gem\u00e4\u00df \u00a7 7 Abs. 1 TMG f\u00fcr eigene Inhalte auf diesen Seiten nach den allgemeinen Gesetzen verantwortlich. Diensteanbieter sind jedoch nicht verpflichtet, \u00fcbermittelte oder gespeicherte fremde Informationen zu \u00fcberwachen oder nach Umst\u00e4nden zu forschen, die auf eine rechtswidrige T\u00e4tigkeit hinweisen. Verpflichtungen zur Entfernung oder Sperrung der Nutzung von Informationen nach den allgemeinen Gesetzen bleiben hiervon unber\u00fchrt.<\/p>\n<p>Dieser Internetauftritt enth\u00e4lt auch Links oder Verweise auf Internetauftritte Dritter. Diese Links zu den Internetauftritten Dritter stellen keine Zustimmung zu deren Inhalten durch den Herausgeber dar.<\/p>\n<p>F\u00fcr die Inhalte der externen Links sind die jeweiligen Anbieter oder Betreiber (Urheber) der Seiten verantwortlich. Mit den Links zu anderen Internetauftritten wird den Nutzern lediglich der Zugang zur Nutzung der Inhalte vermittelt.<\/p>\n<p>Die externen Links wurden zum Zeitpunkt der Linksetzung nach bestem Wissen und Gewissen auf eventuelle Rechtsverst\u00f6\u00dfe \u00fcberpr\u00fcft. Eine st\u00e4ndige inhaltliche \u00dcberpr\u00fcfung der externen Links ist ohne konkrete Anhaltspunkte eine Rechtsverletzung nicht m\u00f6glich. Bei Verlinkungen auf die Webseiten Dritter, die au\u00dferhalb des Verantwortungsbereichs des Herausgebers liegen, w\u00fcrde eine Haftungsverpflichtung nur bestehen, wenn der Herausgeben vorn den rechtswidrigen Inhalten Kenntnis erlangen und es technisch m\u00f6glich und zumutbar w\u00e4re, die Nutzung dieser Inhalte zu verhindern. Sollten Sie der Ansicht sein, dass die verlinkten externen Seiten gegen geltendes Recht versto\u00dfen oder sonst unangemessene Inhalten haben, so teilen Sie uns dies bitte mit.<\/p>\n\n\n<p><strong>Datenschutzerkl\u00e4rung Th\u00fcringer Schulcloud<\/strong><br>Unsere Schule nutzt die Th\u00fcringer Schulcloud. In der folgenden Datei k\u00f6nnen Sie die Datenschutzerkl\u00e4rung sowie die Nutzungsordnung der Th\u00fcringer Schulcloud einsehen.<\/p>\n\n\n\n<div data-wp-interactive=\"core\/file\" class=\"wp-block-file\"><object data-wp-bind--hidden=\"!state.hasPdfPreview\" hidden class=\"wp-block-file__embed\" data=\"https:\/\/diesterwegschule-soemmerda.de\/wp-content\/uploads\/2021\/08\/Nutzungsordnung_TSC_30_07_2021.pdf\" type=\"application\/pdf\" style=\"width:100%;height:600px\" aria-label=\"Einbettung von Nutzungsordnung_TSC_30_07_2021.\"><\/object><a href=\"https:\/\/diesterwegschule-soemmerda.de\/wp-content\/uploads\/2021\/08\/Nutzungsordnung_TSC_30_07_2021.pdf\">Nutzungsordnung_TSC_30_07_2021<\/a><a href=\"https:\/\/diesterwegschule-soemmerda.de\/wp-content\/uploads\/2021\/08\/Nutzungsordnung_TSC_30_07_2021.pdf\" class=\"wp-block-file__button wp-element-button\" download>Herunterladen<\/a><\/div>\n\n\n\n<div data-wp-interactive=\"core\/file\" class=\"wp-block-file\"><object data-wp-bind--hidden=\"!state.hasPdfPreview\" hidden class=\"wp-block-file__embed\" data=\"https:\/\/diesterwegschule-soemmerda.de\/wp-content\/uploads\/2021\/08\/Datenschutzerklaerung_TSC_01_08_2021.pdf\" type=\"application\/pdf\" style=\"width:100%;height:600px\" aria-label=\"Einbettung von Datenschutzerklaerung_TSC_01_08_2021.\"><\/object><a href=\"https:\/\/diesterwegschule-soemmerda.de\/wp-content\/uploads\/2021\/08\/Datenschutzerklaerung_TSC_01_08_2021.pdf\">Datenschutzerklaerung_TSC_01_08_2021<\/a><a href=\"https:\/\/diesterwegschule-soemmerda.de\/wp-content\/uploads\/2021\/08\/Datenschutzerklaerung_TSC_01_08_2021.pdf\" class=\"wp-block-file__button wp-element-button\" download>Herunterladen<\/a><\/div>\n","protected":false},"excerpt":{"rendered":"<p>HerausgeberFreistaat Th\u00fcringen vertreten durch dieStaatliche Grundschule \u201eAdolph Diesterweg\u201cAlbert-Schweitzer-Stra\u00dfe 4599610 S\u00f6mmerda Telefon(0 36 34) 62 15 03 Telefax(0 36 34) 61<\/p>\n","protected":false},"author":1,"featured_media":0,"parent":0,"menu_order":0,"comment_status":"closed","ping_status":"open","template":"","meta":{"footnotes":""},"class_list":["post-2","page","type-page","status-publish","hentry"],"_links":{"self":[{"href":"https:\/\/diesterwegschule-soemmerda.de\/index.php?rest_route=\/wp\/v2\/pages\/2","targetHints":{"allow":["GET"]}}],"collection":[{"href":"https:\/\/diesterwegschule-soemmerda.de\/index.php?rest_route=\/wp\/v2\/pages"}],"about":[{"href":"https:\/\/diesterwegschule-soemmerda.de\/index.php?rest_route=\/wp\/v2\/types\/page"}],"author":[{"embeddable":true,"href":"https:\/\/diesterwegschule-soemmerda.de\/index.php?rest_route=\/wp\/v2\/users\/1"}],"replies":[{"embeddable":true,"href":"https:\/\/diesterwegschule-soemmerda.de\/index.php?rest_route=%2Fwp%2Fv2%2Fcomments&post=2"}],"version-history":[{"count":13,"href":"https:\/\/diesterwegschule-soemmerda.de\/index.php?rest_route=\/wp\/v2\/pages\/2\/revisions"}],"predecessor-version":[{"id":5608,"href":"https:\/\/diesterwegschule-soemmerda.de\/index.php?rest_route=\/wp\/v2\/pages\/2\/revisions\/5608"}],"wp:attachment":[{"href":"https:\/\/diesterwegschule-soemmerda.de\/index.php?rest_route=%2Fwp%2Fv2%2Fmedia&parent=2"}],"curies":[{"name":"wp","href":"https:\/\/api.w.org\/{rel}","templated":true}]}}