{"id":30,"date":"2019-04-24T08:43:45","date_gmt":"2019-04-24T08:43:45","guid":{"rendered":"http:\/\/diesterwegschule-soemmerda.de\/?page_id=30"},"modified":"2024-08-10T19:53:18","modified_gmt":"2024-08-10T19:53:18","slug":"datenschutzerklaerung","status":"publish","type":"page","link":"https:\/\/diesterwegschule-soemmerda.de\/?page_id=30","title":{"rendered":"Datenschutzerkl\u00e4rung\ufeff"},"content":{"rendered":"\n<p><strong>Verantwortlicher und Datenschutzbeauftragter<\/strong><br>Verantwortlicher gem\u00e4\u00df Artikel 4 Abs. 7 EU-Datenschutz-Grundverordnung (EU-DSGVO) ist: <\/p>\n\n\n\n<p>Schulleiterin Anne H\u00f6lzer<br>Staatliche Grundschule \u201eAdolph Diesterweg\u201c<br> Albert-Schweitzer-Stra\u00dfe 45<br> 99610 S\u00f6mmerda<br>Telefon: (0 36 34) 62 15 03<br>E-Mail: <a href=\"mailto:gs-diesterweg-soem@t-online.de\" target=\"_blank\" rel=\"noreferrer noopener\">gs-diesterweg-soem@t-online.de <\/a> <br><\/p>\n\n\n\n<p>Datenschutzbeauftrager: <\/p>\n\n\n\n<p>Beauftragter f\u00fcr den Datenschutz im Staatlichen Schulamt Mittelth\u00fcringen<br>Schwanseestra\u00dfe 9\/11<br>99423 Weimar<br>Telefon (0 36 43) 884 173<br>E-Mail: datenschutz.mittelthueringen@schulamt.thueringen.de<\/p>\n\n\n\n<p><strong>Information \u00fcber die Erhebung personenbezogener Daten, Speicherdauer<\/strong><\/p>\n\n\n\n<p>Im Folgenden informieren wir \u00fcber die Erhebung personenbezogener Daten bei Nutzung unserer Website. Personenbezogene Daten sind alle Daten, die auf Sie pers\u00f6nlich beziehbar sind, z.B. Name, Adresse, E-Mail-Adressen, Nutzerverhalten.<br><br>Bei Ihrer Kontaktaufnahme mit uns per E-Mail oder \u00fcber ein Kontaktformular werden die von Ihnen mitgeteilten Daten (Ihre E-Mail-Adresse, ggf. Ihr Name und Ihre Telefonnummer) von uns gespeichert, um Ihre Fragen zu beantworten. Die in diesem Zusammenhang anfallenden Daten l\u00f6schen wir, nachdem die Speicherung nicht mehr erforderlich ist, oder schr\u00e4nken die Verarbeitung ein, falls gesetzliche Aufbewahrungspflichten bestehen.<br><br>Falls wir f\u00fcr einzelne Funktionen unseres Angebots auf beauftragte Dienstleister zur\u00fcckgreifen oder Ihre Daten f\u00fcr werbliche Zwecke nutzen m\u00f6chten, werden wir Sie untenstehend im Detail \u00fcber die jeweiligen Vorg\u00e4nge informieren. Dabei nennen wir auch die festgelegten Kriterien der Speicherdauer<\/p>\n\n\n\n<p><strong>Ihre Rechte<\/strong><\/p>\n\n\n\n<p>Sie haben gegen\u00fcber uns folgende Rechte hinsichtlich der Sie betreffenden personenbezogenen Daten:<\/p>\n\n\n\n<p>Recht auf Auskunft<br>Recht auf Berichtigung und L\u00f6schung<br>Recht auf Einschr\u00e4nkung der Verarbeitung<br>Recht auf Widerspruch gegen die Verarbeitung<br>Recht auf Daten\u00fcbertragbarkeit<br><br>Sie haben zudem das Recht, sich bei einer Datenschutz-Aufsichtsbeh\u00f6rde \u00fcber die Verarbeitung Ihrer personenbezogenen Daten durch uns zu beschweren. Die Datenschutzaufsichtsbeh\u00f6rde ist &nbsp;der Th\u00fcringer Landesbeauftragte f\u00fcr den Datenschutz und die Informationsfreiheit, H\u00e4\u00dflerstra\u00dfe 8 (4. Etage), 99096 Erfurt.<br><br>Werden personenbezogene Daten an ein Drittland oder an eine internationale Organisation \u00fcbermittelt, so haben Sie das Recht, \u00fcber die geeigneten Garantien gem\u00e4\u00df Artikel 46 EU-DSGVO im Zusammenhang mit der \u00dcbermittlung unterrichtet zu werden. <br><br><strong>Erhebung und Zweck personenbezogener Daten bei Besuch unserer Website<\/strong><\/p>\n\n\n\n<p>Bei der blo\u00df informatorischen Nutzung der Website, also wenn Sie sich nicht registrieren oder uns anderweitig Informationen \u00fcbermitteln, erheben wir nur die personenbezogenen Daten, die Ihr Browser an unseren Server \u00fcbermittelt. Wenn Sie unsere Website betrachten m\u00f6chten, erheben wir die folgenden Daten, die f\u00fcr uns technisch erforderlich sind, um Ihnen unsere Website anzuzeigen und die Stabilit\u00e4t und Sicherheit zu gew\u00e4hrleisten (Rechtsgrundlage ist Artikel 6 Abs. 1 EU-DSGVO):<\/p>\n\n\n\n<p>IP-Adresse<br>Datum und Uhrzeit der Anfrage<br>Zeitzonendifferenz zur Greenwich Mean Time (GMT)<br>Inhalt der Anforderung (konkrete Seite)<br>Zugriffsstatus\/http-Statuscode)<br>Jeweils \u00fcbertragene Datenmenge<br>Website, von der die Anforderung kommt<br>Browser<br>Betriebssystem und dessen Oberfl\u00e4che<br>Sprache und Version der Browsersoftware<br><br>Zus\u00e4tzlich zu den zuvor genannten Daten werden bei Ihrer Nutzung unserer Website Cookies auf Ihrem Rechner gespeichert. Bei Cookies handelt es sich um kleine Textdateien, die auf Ihrer Festplatte dem von Ihnen verwendeten Browser zugeordnet gespeichert werden und durch welche Stelle, die den Cookie setzt (hier von uns), bestimmte Informationen zuflie\u00dfen. Cookies k\u00f6nnen keine Programme ausf\u00fchren oder Viren auf Ihren Computer \u00fcbertragen. Sie dienen dazu, das Internetangebot insgesamt nutzerfreundlicher und effektiver zu machen.<\/p>\n","protected":false},"excerpt":{"rendered":"<p>Verantwortlicher und DatenschutzbeauftragterVerantwortlicher gem\u00e4\u00df Artikel 4 Abs. 7 EU-Datenschutz-Grundverordnung (EU-DSGVO) ist: Schulleiterin Anne H\u00f6lzerStaatliche Grundschule \u201eAdolph Diesterweg\u201c Albert-Schweitzer-Stra\u00dfe 45 99610<\/p>\n","protected":false},"author":1,"featured_media":0,"parent":0,"menu_order":0,"comment_status":"closed","ping_status":"closed","template":"","meta":{"footnotes":""},"class_list":["post-30","page","type-page","status-publish","hentry"],"_links":{"self":[{"href":"https:\/\/diesterwegschule-soemmerda.de\/index.php?rest_route=\/wp\/v2\/pages\/30","targetHints":{"allow":["GET"]}}],"collection":[{"href":"https:\/\/diesterwegschule-soemmerda.de\/index.php?rest_route=\/wp\/v2\/pages"}],"about":[{"href":"https:\/\/diesterwegschule-soemmerda.de\/index.php?rest_route=\/wp\/v2\/types\/page"}],"author":[{"embeddable":true,"href":"https:\/\/diesterwegschule-soemmerda.de\/index.php?rest_route=\/wp\/v2\/users\/1"}],"replies":[{"embeddable":true,"href":"https:\/\/diesterwegschule-soemmerda.de\/index.php?rest_route=%2Fwp%2Fv2%2Fcomments&post=30"}],"version-history":[{"count":7,"href":"https:\/\/diesterwegschule-soemmerda.de\/index.php?rest_route=\/wp\/v2\/pages\/30\/revisions"}],"predecessor-version":[{"id":5339,"href":"https:\/\/diesterwegschule-soemmerda.de\/index.php?rest_route=\/wp\/v2\/pages\/30\/revisions\/5339"}],"wp:attachment":[{"href":"https:\/\/diesterwegschule-soemmerda.de\/index.php?rest_route=%2Fwp%2Fv2%2Fmedia&parent=30"}],"curies":[{"name":"wp","href":"https:\/\/api.w.org\/{rel}","templated":true}]}}