{"id":32,"date":"2019-04-24T09:33:40","date_gmt":"2019-04-24T09:33:40","guid":{"rendered":"http:\/\/diesterwegschule-soemmerda.de\/?page_id=32"},"modified":"2025-02-17T16:21:35","modified_gmt":"2025-02-17T16:21:35","slug":"leitbild","status":"publish","type":"page","link":"https:\/\/diesterwegschule-soemmerda.de\/?page_id=32","title":{"rendered":"Die Diesterwegschule &#8211; das sind WIR!"},"content":{"rendered":"\n<p>An unserer Schule lernen <strong>ca. 260 Kinder<\/strong> in <strong>12 Klassen<\/strong>. Wir praktizieren keine Jahrgangsmischung. Der Klassenlehrer und der Erzieher begleiteten die Sch\u00fcler <strong>von der ersten bis zur vierten Klasse<\/strong>. Wir verstehen uns als Lebens- und Lernst\u00e4tte des Kindes, in der die P\u00e4dagogen das Lernen begleiten. Im Rahmen des offenen Ganztagsangebots arbeiten die P\u00e4dagogen eng zusammen. Nach der Erledigung der Hausaufgaben haben unsere Kinder die M\u00f6glichkeit, vielf\u00e4ltige Freizeitangebote zu nutzen.<\/p>\n\n\n\n<p>Die unterschiedliche Entwicklung eines jeden Kindes, die vorhandenen Begabungen und Erfahrungen sehen wir als Chance f\u00fcr das gemeinsame Lernen. Sie sind eine Herausforderung f\u00fcr jeden P\u00e4dagogen unserer Schule, der wir uns t\u00e4glich gern und mit gro\u00dfem Engagement stellen.<\/p>\n\n\n\n<p>Um jedes Kind entsprechend seiner Lernvoraussetzungen zu f\u00f6rdern, praktizieren wir regelm\u00e4\u00dfig Formen des offenen Unterrichtes mit differenzierten Lernangeboten. Au\u00dferdem haben wir zahlreiche Partner, die unsere Kinder beim Lernen unterst\u00fctzen. (B\u00fcrgerzentrum, Bibliothek, ASB-Familienzentrum, Verkehrszentrum der Kreisverkehrswacht u.v.m)<\/p>\n\n\n\n<p>In diesem kurzen Video k\u00f6nnen Sie sich ein Bild machen, wie unsere Kinder bei uns in der Diesterwegschule lernen:<\/p>\n\n\n\n<figure class=\"wp-block-video\"><video height=\"720\" style=\"aspect-ratio: 1280 \/ 720;\" width=\"1280\" controls src=\"http:\/\/diesterwegschule-soemmerda.de\/wp-content\/uploads\/2021\/04\/So-lernen-wir_mittel-1.mp4\"><\/video><\/figure>\n\n\n\n<figure class=\"wp-block-video\"><video height=\"1080\" style=\"aspect-ratio: 1920 \/ 1080;\" width=\"1920\" controls src=\"http:\/\/diesterwegschule-soemmerda.de\/wp-content\/uploads\/2021\/04\/An-meiner-Schule-mag-ich.mp4\"><\/video><\/figure>\n\n\n\n<figure class=\"wp-block-image\"><img loading=\"lazy\" decoding=\"async\" width=\"800\" height=\"558\" src=\"http:\/\/diesterwegschule-soemmerda.de\/wp-content\/uploads\/2019\/04\/Kinderzeichnung_DiWe.jpg\" alt=\"\" class=\"wp-image-141\" srcset=\"https:\/\/diesterwegschule-soemmerda.de\/wp-content\/uploads\/2019\/04\/Kinderzeichnung_DiWe.jpg 800w, https:\/\/diesterwegschule-soemmerda.de\/wp-content\/uploads\/2019\/04\/Kinderzeichnung_DiWe-300x209.jpg 300w, https:\/\/diesterwegschule-soemmerda.de\/wp-content\/uploads\/2019\/04\/Kinderzeichnung_DiWe-768x536.jpg 768w\" sizes=\"auto, (max-width: 800px) 100vw, 800px\" \/><\/figure>\n\n\n\n<p><strong><span class=\"has-inline-color has-primary-color\">Die Diesterwegschule &#8211; das sind WIR!<\/span><\/strong><br><strong>Wir, das sind Kinder, Eltern, Lehrer und Erzieher.<\/strong><\/p>\n\n\n\n<p><mark style=\"background-color:rgba(0, 0, 0, 0)\" class=\"has-inline-color has-primary-color\"><strong>Wir<\/strong> <\/mark>arbeiten vertrauensvoll mit gegenseitiger Wertsch\u00e4tzung zusammen.<\/p>\n\n\n\n<p><mark style=\"background-color:rgba(0, 0, 0, 0)\" class=\"has-inline-color has-primary-color\"><strong>Wir<\/strong> <\/mark>pflegen einen freundlichen Umgang miteinander, der durch Respekt und Achtung gepr\u00e4gt ist.<\/p>\n\n\n\n<p><mark style=\"background-color:rgba(0, 0, 0, 0)\" class=\"has-inline-color has-primary-color\"><strong>Wir&nbsp;<\/strong>  <\/mark>f\u00f6rdern unsere Talent auf sportlichen, musischen, k\u00fcnstlerischen und  naturwissenschaftlichen Gebieten und nutzen das abwechslungsreiche  Freizeitangebot innerhalb und au\u00dferhalb der Schule.<\/p>\n\n\n\n<p><mark style=\"background-color:rgba(0, 0, 0, 0)\" class=\"has-inline-color has-primary-color\"><strong>Wir&nbsp;<\/strong> <\/mark>werden unsere Traditionen bewahren und mit neuen Ideen beleben.<\/p>\n\n\n\n<p><mark style=\"background-color:rgba(0, 0, 0, 0)\" class=\"has-inline-color has-primary-color\"><strong>Wir&nbsp;<\/strong> <\/mark>achten auf eine gesunde Lebensweise.<\/p>\n\n\n\n<p><mark style=\"background-color:rgba(0, 0, 0, 0)\" class=\"has-inline-color has-primary-color\"><strong>Wir<\/strong> <\/mark>lieben und sch\u00e4tzen die Natur und beteiligen uns aktiv am Erhalt und der Verbesserung unserer sch\u00f6nen Schulumgebung.<\/p>\n","protected":false},"excerpt":{"rendered":"<p>An unserer Schule lernen ca. 260 Kinder in 12 Klassen. Wir praktizieren keine Jahrgangsmischung. Der Klassenlehrer und der Erzieher begleiteten<\/p>\n","protected":false},"author":1,"featured_media":0,"parent":0,"menu_order":0,"comment_status":"closed","ping_status":"closed","template":"","meta":{"footnotes":""},"class_list":["post-32","page","type-page","status-publish","hentry"],"_links":{"self":[{"href":"https:\/\/diesterwegschule-soemmerda.de\/index.php?rest_route=\/wp\/v2\/pages\/32","targetHints":{"allow":["GET"]}}],"collection":[{"href":"https:\/\/diesterwegschule-soemmerda.de\/index.php?rest_route=\/wp\/v2\/pages"}],"about":[{"href":"https:\/\/diesterwegschule-soemmerda.de\/index.php?rest_route=\/wp\/v2\/types\/page"}],"author":[{"embeddable":true,"href":"https:\/\/diesterwegschule-soemmerda.de\/index.php?rest_route=\/wp\/v2\/users\/1"}],"replies":[{"embeddable":true,"href":"https:\/\/diesterwegschule-soemmerda.de\/index.php?rest_route=%2Fwp%2Fv2%2Fcomments&post=32"}],"version-history":[{"count":14,"href":"https:\/\/diesterwegschule-soemmerda.de\/index.php?rest_route=\/wp\/v2\/pages\/32\/revisions"}],"predecessor-version":[{"id":5772,"href":"https:\/\/diesterwegschule-soemmerda.de\/index.php?rest_route=\/wp\/v2\/pages\/32\/revisions\/5772"}],"wp:attachment":[{"href":"https:\/\/diesterwegschule-soemmerda.de\/index.php?rest_route=%2Fwp%2Fv2%2Fmedia&parent=32"}],"curies":[{"name":"wp","href":"https:\/\/api.w.org\/{rel}","templated":true}]}}