{"id":331,"date":"2019-04-25T11:11:51","date_gmt":"2019-04-25T11:11:51","guid":{"rendered":"http:\/\/diesterwegschule-soemmerda.de\/?page_id=331"},"modified":"2019-04-26T09:28:02","modified_gmt":"2019-04-26T09:28:02","slug":"historisches","status":"publish","type":"page","link":"https:\/\/diesterwegschule-soemmerda.de\/?page_id=331","title":{"rendered":"Historisches"},"content":{"rendered":"\n<p>Am  20. Dezember 1965 erfolgten die Einweihung der Schule und die  Namensverleihung. Die Schule erhielt den Namen des P\u00e4dagogen Adolph Diesterweg. Von 1965 bis 1991 war die Schule eine Polytechnische Oberschule. Mittagessen wurde zuerst im Schulgeb\u00e4ude, ab 1972\/73 in der Baracke und ab 1976\/77 in der Gastst\u00e4tte \u201eStadt S\u00f6mmerda\u201c ausgegeben. Mit der politischen Wende erfolgte eine Umstrukturierung aller Schulen. Aus der POS  wurde 1991 eine Grundschule.<\/p>\n\n\n\n<figure class=\"wp-block-image\"><img loading=\"lazy\" decoding=\"async\" width=\"1024\" height=\"676\" src=\"https:\/\/diesterwegschule-soemmerda.de\/wp-content\/uploads\/2019\/04\/Historisches-1-1024x676.jpg\" alt=\"\" class=\"wp-image-420\" srcset=\"https:\/\/diesterwegschule-soemmerda.de\/wp-content\/uploads\/2019\/04\/Historisches-1-1024x676.jpg 1024w, https:\/\/diesterwegschule-soemmerda.de\/wp-content\/uploads\/2019\/04\/Historisches-1-300x198.jpg 300w, https:\/\/diesterwegschule-soemmerda.de\/wp-content\/uploads\/2019\/04\/Historisches-1-768x507.jpg 768w, https:\/\/diesterwegschule-soemmerda.de\/wp-content\/uploads\/2019\/04\/Historisches-1-120x80.jpg 120w, https:\/\/diesterwegschule-soemmerda.de\/wp-content\/uploads\/2019\/04\/Historisches-1.jpg 1944w\" sizes=\"auto, (max-width: 1024px) 100vw, 1024px\" \/><figcaption>Ein Klassenfoto aus den 1960er Jahren vor unserem Haupteingang<\/figcaption><\/figure>\n\n\n\n<p>Im  Jahr 1993 wurde unsere Schule in feierlicher Form erneut der Name  \u201eAdolph Diesterweg\u201c verliehen. Dieser Tag wurde mit einem gro\u00dfen Fest und vielen G\u00e4sten gefeiert. Zum Schuljahresende 2002\/2003 wurden alle  drei S\u00f6mmerdaer Grundschulen aufgel\u00f6st und die \u201eLindenschule\u201c sowie die  Grundschule \u201eAdolph Diesterweg\u201c neu gebildet. Einige Lehrerinnen und  Erzieherinnen der ehemaligen Pestalozzi-Grundschule kamen zu Beginn  des Schuljahres 2003\/2004 an unsere Schule und nat\u00fcrlich auch sehr viele  Sch\u00fclerinnen und Sch\u00fcler.<\/p>\n\n\n\n<p>In  den vergangenen Jahren wurden an unserer Schule vielf\u00e4ltige  Sanierungsma\u00dfnahmen durchgef\u00fchrt. Die Sch\u00fcler und Sch\u00fclerinnen lernen nun in einer hellen und freundlichen Schule. Die Klassenr\u00e4ume sind mit modernem Mobiliar ausgestattet.<\/p>\n","protected":false},"excerpt":{"rendered":"<p>Am 20. Dezember 1965 erfolgten die Einweihung der Schule und die Namensverleihung. Die Schule erhielt den Namen des P\u00e4dagogen Adolph<\/p>\n","protected":false},"author":1,"featured_media":0,"parent":0,"menu_order":0,"comment_status":"closed","ping_status":"closed","template":"","meta":{"footnotes":""},"class_list":["post-331","page","type-page","status-publish","hentry"],"_links":{"self":[{"href":"https:\/\/diesterwegschule-soemmerda.de\/index.php?rest_route=\/wp\/v2\/pages\/331","targetHints":{"allow":["GET"]}}],"collection":[{"href":"https:\/\/diesterwegschule-soemmerda.de\/index.php?rest_route=\/wp\/v2\/pages"}],"about":[{"href":"https:\/\/diesterwegschule-soemmerda.de\/index.php?rest_route=\/wp\/v2\/types\/page"}],"author":[{"embeddable":true,"href":"https:\/\/diesterwegschule-soemmerda.de\/index.php?rest_route=\/wp\/v2\/users\/1"}],"replies":[{"embeddable":true,"href":"https:\/\/diesterwegschule-soemmerda.de\/index.php?rest_route=%2Fwp%2Fv2%2Fcomments&post=331"}],"version-history":[{"count":4,"href":"https:\/\/diesterwegschule-soemmerda.de\/index.php?rest_route=\/wp\/v2\/pages\/331\/revisions"}],"predecessor-version":[{"id":421,"href":"https:\/\/diesterwegschule-soemmerda.de\/index.php?rest_route=\/wp\/v2\/pages\/331\/revisions\/421"}],"wp:attachment":[{"href":"https:\/\/diesterwegschule-soemmerda.de\/index.php?rest_route=%2Fwp%2Fv2%2Fmedia&parent=331"}],"curies":[{"name":"wp","href":"https:\/\/api.w.org\/{rel}","templated":true}]}}