{"id":41,"date":"2019-04-24T09:40:24","date_gmt":"2019-04-24T09:40:24","guid":{"rendered":"http:\/\/diesterwegschule-soemmerda.de\/?page_id=41"},"modified":"2024-09-03T05:33:58","modified_gmt":"2024-09-03T05:33:58","slug":"elternvertretung","status":"publish","type":"page","link":"https:\/\/diesterwegschule-soemmerda.de\/?page_id=41","title":{"rendered":"Elternvertretung"},"content":{"rendered":"\n<p>Eine enge Zusammenarbeit mit allen Eltern unserer Sch\u00fcler ist uns  sehr wichtig. Diese sollte von Offenheit, Ehrlichkeit, Vertrauen,  Akzeptanz und Toleranz sowie gegenseitiger Wertsch\u00e4tzung gepr\u00e4gt sein.  Die gemeinsame Verantwortung von Schule und Elternhaus f\u00fcr eine positive  Entwicklung jedes Kindes steht dabei im Vordergrund.<\/p>\n\n\n\n<p>Eltern  nehmen auch durch die gew\u00e4hlten Elternvertretungen aktiv am Schulleben teil. Sie \u00fcbernehmen damit Verantwortung f\u00fcr ihr Kind, f\u00fcr den  Klassenverband und f\u00fcr die Schule.<\/p>\n\n\n\n<p><strong>Schulelternsprecherin<\/strong><br>Frau Isabell K\u00e4stner<br><br><strong>Stellvertretender Schulelternsprecher<\/strong><br>Frau Maria Helbing<br><\/p>\n","protected":false},"excerpt":{"rendered":"<p>Eine enge Zusammenarbeit mit allen Eltern unserer Sch\u00fcler ist uns sehr wichtig. Diese sollte von Offenheit, Ehrlichkeit, Vertrauen, Akzeptanz und<\/p>\n","protected":false},"author":1,"featured_media":0,"parent":0,"menu_order":0,"comment_status":"closed","ping_status":"closed","template":"","meta":{"footnotes":""},"class_list":["post-41","page","type-page","status-publish","hentry"],"_links":{"self":[{"href":"https:\/\/diesterwegschule-soemmerda.de\/index.php?rest_route=\/wp\/v2\/pages\/41","targetHints":{"allow":["GET"]}}],"collection":[{"href":"https:\/\/diesterwegschule-soemmerda.de\/index.php?rest_route=\/wp\/v2\/pages"}],"about":[{"href":"https:\/\/diesterwegschule-soemmerda.de\/index.php?rest_route=\/wp\/v2\/types\/page"}],"author":[{"embeddable":true,"href":"https:\/\/diesterwegschule-soemmerda.de\/index.php?rest_route=\/wp\/v2\/users\/1"}],"replies":[{"embeddable":true,"href":"https:\/\/diesterwegschule-soemmerda.de\/index.php?rest_route=%2Fwp%2Fv2%2Fcomments&post=41"}],"version-history":[{"count":6,"href":"https:\/\/diesterwegschule-soemmerda.de\/index.php?rest_route=\/wp\/v2\/pages\/41\/revisions"}],"predecessor-version":[{"id":5468,"href":"https:\/\/diesterwegschule-soemmerda.de\/index.php?rest_route=\/wp\/v2\/pages\/41\/revisions\/5468"}],"wp:attachment":[{"href":"https:\/\/diesterwegschule-soemmerda.de\/index.php?rest_route=%2Fwp%2Fv2%2Fmedia&parent=41"}],"curies":[{"name":"wp","href":"https:\/\/api.w.org\/{rel}","templated":true}]}}