{"id":43,"date":"2019-04-24T19:12:51","date_gmt":"2019-04-24T19:12:51","guid":{"rendered":"http:\/\/diesterwegschule-soemmerda.de\/?page_id=43"},"modified":"2021-04-04T20:28:51","modified_gmt":"2021-04-04T20:28:51","slug":"schulgebaeude","status":"publish","type":"page","link":"https:\/\/diesterwegschule-soemmerda.de\/?page_id=43","title":{"rendered":"Schulgeb\u00e4ude"},"content":{"rendered":"\n<p>Unsere Schule wurde im Dezember 1965 als Polytechnische Oberschule eingeweiht. Seit dem hat sich viel getan. Unsere Sch\u00fcler lernen und spielen heute in hellen, freundlichen Klassen- und  Hortr\u00e4umen. Neben den  Klassenr\u00e4umen haben wir Fachr\u00e4ume f\u00fcr Werken, Schulgarten, Musik, Kunst und Englisch sowie ein Computerkabinett, eine  Schulbibliothek und eine Aula f\u00fcr Projekte im Schulgeb\u00e4ude. <\/p>\n\n\n\n<figure class=\"wp-block-video\"><video height=\"720\" style=\"aspect-ratio: 1280 \/ 720;\" width=\"1280\" controls src=\"http:\/\/diesterwegschule-soemmerda.de\/wp-content\/uploads\/2021\/04\/Das-ist-unsere-Schule_mittel-1.mp4\"><\/video><\/figure>\n\n\n\n<figure class=\"wp-block-image size-large\"><img loading=\"lazy\" decoding=\"async\" width=\"1000\" height=\"667\" src=\"https:\/\/diesterwegschule-soemmerda.de\/wp-content\/uploads\/2020\/11\/2020CEH_Gebaeude.jpg\" alt=\"\" class=\"wp-image-1849\" srcset=\"https:\/\/diesterwegschule-soemmerda.de\/wp-content\/uploads\/2020\/11\/2020CEH_Gebaeude.jpg 1000w, https:\/\/diesterwegschule-soemmerda.de\/wp-content\/uploads\/2020\/11\/2020CEH_Gebaeude-300x200.jpg 300w, https:\/\/diesterwegschule-soemmerda.de\/wp-content\/uploads\/2020\/11\/2020CEH_Gebaeude-768x512.jpg 768w, https:\/\/diesterwegschule-soemmerda.de\/wp-content\/uploads\/2020\/11\/2020CEH_Gebaeude-120x80.jpg 120w\" sizes=\"auto, (max-width: 1000px) 100vw, 1000px\" \/><figcaption>Foto: CEH &#8211; Lisa Canzler 2020<\/figcaption><\/figure>\n\n\n\n<figure class=\"wp-block-image\"><img loading=\"lazy\" decoding=\"async\" width=\"800\" height=\"536\" src=\"http:\/\/diesterwegschule-soemmerda.de\/wp-content\/uploads\/2019\/04\/Foyer01.jpg\" alt=\"\" class=\"wp-image-236\" srcset=\"https:\/\/diesterwegschule-soemmerda.de\/wp-content\/uploads\/2019\/04\/Foyer01.jpg 800w, https:\/\/diesterwegschule-soemmerda.de\/wp-content\/uploads\/2019\/04\/Foyer01-300x201.jpg 300w, https:\/\/diesterwegschule-soemmerda.de\/wp-content\/uploads\/2019\/04\/Foyer01-768x515.jpg 768w, https:\/\/diesterwegschule-soemmerda.de\/wp-content\/uploads\/2019\/04\/Foyer01-120x80.jpg 120w\" sizes=\"auto, (max-width: 800px) 100vw, 800px\" \/><figcaption>Lichtdurchflutetes Foyer und helle freundliche Flure mit st\u00e4ndig wechselnden Sch\u00fclerkunstausstellungen<\/figcaption><\/figure>\n\n\n\n<figure class=\"wp-block-image size-large\"><img loading=\"lazy\" decoding=\"async\" width=\"1000\" height=\"667\" src=\"https:\/\/diesterwegschule-soemmerda.de\/wp-content\/uploads\/2020\/11\/2020CEH_Gang.jpg\" alt=\"\" class=\"wp-image-1850\" srcset=\"https:\/\/diesterwegschule-soemmerda.de\/wp-content\/uploads\/2020\/11\/2020CEH_Gang.jpg 1000w, https:\/\/diesterwegschule-soemmerda.de\/wp-content\/uploads\/2020\/11\/2020CEH_Gang-300x200.jpg 300w, https:\/\/diesterwegschule-soemmerda.de\/wp-content\/uploads\/2020\/11\/2020CEH_Gang-768x512.jpg 768w, https:\/\/diesterwegschule-soemmerda.de\/wp-content\/uploads\/2020\/11\/2020CEH_Gang-120x80.jpg 120w\" sizes=\"auto, (max-width: 1000px) 100vw, 1000px\" \/><figcaption>Foto: CEH &#8211; Lisa Canzler 2020<\/figcaption><\/figure>\n\n\n\n<p>F\u00fcr zahlreiche F\u00e4cher hat unsere Schule Fachr\u00e4ume: Englisch, Musik, Arbeiten am PC, Werkunterricht<\/p>\n\n\n\n<figure class=\"wp-block-gallery columns-2 is-cropped wp-block-gallery-1 is-layout-flex wp-block-gallery-is-layout-flex\"><ul class=\"blocks-gallery-grid\"><li class=\"blocks-gallery-item\"><figure><img loading=\"lazy\" decoding=\"async\" width=\"800\" height=\"536\" src=\"https:\/\/diesterwegschule-soemmerda.de\/wp-content\/uploads\/2019\/04\/Englischraum-2.jpg\" alt=\"\" data-id=\"389\" data-link=\"https:\/\/diesterwegschule-soemmerda.de\/?attachment_id=389\" class=\"wp-image-389\" srcset=\"https:\/\/diesterwegschule-soemmerda.de\/wp-content\/uploads\/2019\/04\/Englischraum-2.jpg 800w, https:\/\/diesterwegschule-soemmerda.de\/wp-content\/uploads\/2019\/04\/Englischraum-2-300x201.jpg 300w, https:\/\/diesterwegschule-soemmerda.de\/wp-content\/uploads\/2019\/04\/Englischraum-2-768x515.jpg 768w, https:\/\/diesterwegschule-soemmerda.de\/wp-content\/uploads\/2019\/04\/Englischraum-2-120x80.jpg 120w\" sizes=\"auto, (max-width: 800px) 100vw, 800px\" \/><\/figure><\/li><li class=\"blocks-gallery-item\"><figure><img loading=\"lazy\" decoding=\"async\" width=\"800\" height=\"536\" src=\"https:\/\/diesterwegschule-soemmerda.de\/wp-content\/uploads\/2019\/04\/Musikraum-1.jpg\" alt=\"\" data-id=\"390\" data-link=\"https:\/\/diesterwegschule-soemmerda.de\/?attachment_id=390\" class=\"wp-image-390\" srcset=\"https:\/\/diesterwegschule-soemmerda.de\/wp-content\/uploads\/2019\/04\/Musikraum-1.jpg 800w, https:\/\/diesterwegschule-soemmerda.de\/wp-content\/uploads\/2019\/04\/Musikraum-1-300x201.jpg 300w, https:\/\/diesterwegschule-soemmerda.de\/wp-content\/uploads\/2019\/04\/Musikraum-1-768x515.jpg 768w, https:\/\/diesterwegschule-soemmerda.de\/wp-content\/uploads\/2019\/04\/Musikraum-1-120x80.jpg 120w\" sizes=\"auto, (max-width: 800px) 100vw, 800px\" \/><\/figure><\/li><li class=\"blocks-gallery-item\"><figure><img loading=\"lazy\" decoding=\"async\" width=\"800\" height=\"536\" src=\"https:\/\/diesterwegschule-soemmerda.de\/wp-content\/uploads\/2019\/04\/PCKabinett02-1.jpg\" alt=\"\" data-id=\"391\" data-link=\"https:\/\/diesterwegschule-soemmerda.de\/?attachment_id=391\" class=\"wp-image-391\" srcset=\"https:\/\/diesterwegschule-soemmerda.de\/wp-content\/uploads\/2019\/04\/PCKabinett02-1.jpg 800w, https:\/\/diesterwegschule-soemmerda.de\/wp-content\/uploads\/2019\/04\/PCKabinett02-1-300x201.jpg 300w, https:\/\/diesterwegschule-soemmerda.de\/wp-content\/uploads\/2019\/04\/PCKabinett02-1-768x515.jpg 768w, https:\/\/diesterwegschule-soemmerda.de\/wp-content\/uploads\/2019\/04\/PCKabinett02-1-120x80.jpg 120w\" sizes=\"auto, (max-width: 800px) 100vw, 800px\" \/><\/figure><\/li><li class=\"blocks-gallery-item\"><figure><img loading=\"lazy\" decoding=\"async\" width=\"800\" height=\"536\" src=\"https:\/\/diesterwegschule-soemmerda.de\/wp-content\/uploads\/2019\/04\/Werkraum-1.jpg\" alt=\"\" data-id=\"392\" data-link=\"https:\/\/diesterwegschule-soemmerda.de\/?attachment_id=392\" class=\"wp-image-392\" srcset=\"https:\/\/diesterwegschule-soemmerda.de\/wp-content\/uploads\/2019\/04\/Werkraum-1.jpg 800w, https:\/\/diesterwegschule-soemmerda.de\/wp-content\/uploads\/2019\/04\/Werkraum-1-300x201.jpg 300w, https:\/\/diesterwegschule-soemmerda.de\/wp-content\/uploads\/2019\/04\/Werkraum-1-768x515.jpg 768w, https:\/\/diesterwegschule-soemmerda.de\/wp-content\/uploads\/2019\/04\/Werkraum-1-120x80.jpg 120w\" sizes=\"auto, (max-width: 800px) 100vw, 800px\" \/><\/figure><\/li><\/ul><\/figure>\n\n\n\n<p>Die Schulbibliothek l\u00e4dt zum gem\u00fctlichen Schm\u00f6kern ein. <\/p>\n\n\n\n<figure class=\"wp-block-gallery columns-2 is-cropped wp-block-gallery-2 is-layout-flex wp-block-gallery-is-layout-flex\"><ul class=\"blocks-gallery-grid\"><li class=\"blocks-gallery-item\"><figure><img loading=\"lazy\" decoding=\"async\" width=\"800\" height=\"536\" src=\"https:\/\/diesterwegschule-soemmerda.de\/wp-content\/uploads\/2019\/04\/Bibliothek01-2.jpg\" alt=\"\" data-id=\"393\" data-link=\"https:\/\/diesterwegschule-soemmerda.de\/?attachment_id=393\" class=\"wp-image-393\" srcset=\"https:\/\/diesterwegschule-soemmerda.de\/wp-content\/uploads\/2019\/04\/Bibliothek01-2.jpg 800w, https:\/\/diesterwegschule-soemmerda.de\/wp-content\/uploads\/2019\/04\/Bibliothek01-2-300x201.jpg 300w, https:\/\/diesterwegschule-soemmerda.de\/wp-content\/uploads\/2019\/04\/Bibliothek01-2-768x515.jpg 768w, https:\/\/diesterwegschule-soemmerda.de\/wp-content\/uploads\/2019\/04\/Bibliothek01-2-120x80.jpg 120w\" sizes=\"auto, (max-width: 800px) 100vw, 800px\" \/><\/figure><\/li><li class=\"blocks-gallery-item\"><figure><img loading=\"lazy\" decoding=\"async\" width=\"800\" height=\"536\" src=\"https:\/\/diesterwegschule-soemmerda.de\/wp-content\/uploads\/2019\/04\/Bibliothek02-2.jpg\" alt=\"\" data-id=\"394\" data-link=\"https:\/\/diesterwegschule-soemmerda.de\/?attachment_id=394\" class=\"wp-image-394\" srcset=\"https:\/\/diesterwegschule-soemmerda.de\/wp-content\/uploads\/2019\/04\/Bibliothek02-2.jpg 800w, https:\/\/diesterwegschule-soemmerda.de\/wp-content\/uploads\/2019\/04\/Bibliothek02-2-300x201.jpg 300w, https:\/\/diesterwegschule-soemmerda.de\/wp-content\/uploads\/2019\/04\/Bibliothek02-2-768x515.jpg 768w, https:\/\/diesterwegschule-soemmerda.de\/wp-content\/uploads\/2019\/04\/Bibliothek02-2-120x80.jpg 120w\" sizes=\"auto, (max-width: 800px) 100vw, 800px\" \/><\/figure><\/li><\/ul><\/figure>\n\n\n\n<p>In unserem Speisesaal gibt es 72 Pl\u00e4tze. Bei sch\u00f6nem Wetter k\u00f6nnen die Kinder das Essen auch an der frischen Luft im gr\u00fcnen Innenhof einnehmen.<\/p>\n\n\n\n<figure class=\"wp-block-image\"><img loading=\"lazy\" decoding=\"async\" width=\"800\" height=\"536\" src=\"https:\/\/diesterwegschule-soemmerda.de\/wp-content\/uploads\/2019\/04\/Speiseraum02.jpg\" alt=\"\" class=\"wp-image-320\" srcset=\"https:\/\/diesterwegschule-soemmerda.de\/wp-content\/uploads\/2019\/04\/Speiseraum02.jpg 800w, https:\/\/diesterwegschule-soemmerda.de\/wp-content\/uploads\/2019\/04\/Speiseraum02-300x201.jpg 300w, https:\/\/diesterwegschule-soemmerda.de\/wp-content\/uploads\/2019\/04\/Speiseraum02-768x515.jpg 768w, https:\/\/diesterwegschule-soemmerda.de\/wp-content\/uploads\/2019\/04\/Speiseraum02-120x80.jpg 120w\" sizes=\"auto, (max-width: 800px) 100vw, 800px\" \/><\/figure>\n\n\n\n<figure class=\"wp-block-image size-large is-resized\"><img loading=\"lazy\" decoding=\"async\" src=\"https:\/\/diesterwegschule-soemmerda.de\/wp-content\/uploads\/2020\/11\/2020CEH_Innenhof.jpg\" alt=\"\" class=\"wp-image-1848\" width=\"820\" height=\"546\" srcset=\"https:\/\/diesterwegschule-soemmerda.de\/wp-content\/uploads\/2020\/11\/2020CEH_Innenhof.jpg 1000w, https:\/\/diesterwegschule-soemmerda.de\/wp-content\/uploads\/2020\/11\/2020CEH_Innenhof-300x200.jpg 300w, https:\/\/diesterwegschule-soemmerda.de\/wp-content\/uploads\/2020\/11\/2020CEH_Innenhof-768x512.jpg 768w, https:\/\/diesterwegschule-soemmerda.de\/wp-content\/uploads\/2020\/11\/2020CEH_Innenhof-120x80.jpg 120w\" sizes=\"auto, (max-width: 820px) 100vw, 820px\" \/><figcaption>Foto: CEH &#8211; Lisa Canzler 2020<\/figcaption><\/figure>\n","protected":false},"excerpt":{"rendered":"<p>Unsere Schule wurde im Dezember 1965 als Polytechnische Oberschule eingeweiht. Seit dem hat sich viel getan. Unsere Sch\u00fcler lernen und<\/p>\n","protected":false},"author":1,"featured_media":0,"parent":0,"menu_order":0,"comment_status":"closed","ping_status":"closed","template":"","meta":{"footnotes":""},"class_list":["post-43","page","type-page","status-publish","hentry"],"_links":{"self":[{"href":"https:\/\/diesterwegschule-soemmerda.de\/index.php?rest_route=\/wp\/v2\/pages\/43","targetHints":{"allow":["GET"]}}],"collection":[{"href":"https:\/\/diesterwegschule-soemmerda.de\/index.php?rest_route=\/wp\/v2\/pages"}],"about":[{"href":"https:\/\/diesterwegschule-soemmerda.de\/index.php?rest_route=\/wp\/v2\/types\/page"}],"author":[{"embeddable":true,"href":"https:\/\/diesterwegschule-soemmerda.de\/index.php?rest_route=\/wp\/v2\/users\/1"}],"replies":[{"embeddable":true,"href":"https:\/\/diesterwegschule-soemmerda.de\/index.php?rest_route=%2Fwp%2Fv2%2Fcomments&post=43"}],"version-history":[{"count":8,"href":"https:\/\/diesterwegschule-soemmerda.de\/index.php?rest_route=\/wp\/v2\/pages\/43\/revisions"}],"predecessor-version":[{"id":2161,"href":"https:\/\/diesterwegschule-soemmerda.de\/index.php?rest_route=\/wp\/v2\/pages\/43\/revisions\/2161"}],"wp:attachment":[{"href":"https:\/\/diesterwegschule-soemmerda.de\/index.php?rest_route=%2Fwp%2Fv2%2Fmedia&parent=43"}],"curies":[{"name":"wp","href":"https:\/\/api.w.org\/{rel}","templated":true}]}}