{"id":45,"date":"2019-04-24T19:37:59","date_gmt":"2019-04-24T19:37:59","guid":{"rendered":"http:\/\/diesterwegschule-soemmerda.de\/?page_id=45"},"modified":"2020-11-14T15:54:18","modified_gmt":"2020-11-14T15:54:18","slug":"schulgelaende","status":"publish","type":"page","link":"https:\/\/diesterwegschule-soemmerda.de\/?page_id=45","title":{"rendered":"Schulgel\u00e4nde"},"content":{"rendered":"\n<p>Unser Schulgel\u00e4nde ist ca. 20.000 m\u00b2 gro\u00df und sehr gr\u00fcn und weitl\u00e4ufig. Auf dem Schulhof befindet sich unsere gut ausgestattete Turnhalle. Direkt dahinter steht uns eine moderne Tartansportanlage mit 100m-Laufbahn, Weitsprunganlage, Kugelsto\u00dfanlage sowie einem Ballspielk\u00e4fig zur Verf\u00fcgung. <\/p>\n\n\n\n<figure class=\"wp-block-image\"><img loading=\"lazy\" decoding=\"async\" width=\"800\" height=\"434\" src=\"https:\/\/diesterwegschule-soemmerda.de\/wp-content\/uploads\/2019\/04\/Schulhof02.jpg\" alt=\"\" class=\"wp-image-244\" srcset=\"https:\/\/diesterwegschule-soemmerda.de\/wp-content\/uploads\/2019\/04\/Schulhof02.jpg 800w, https:\/\/diesterwegschule-soemmerda.de\/wp-content\/uploads\/2019\/04\/Schulhof02-300x163.jpg 300w, https:\/\/diesterwegschule-soemmerda.de\/wp-content\/uploads\/2019\/04\/Schulhof02-768x417.jpg 768w\" sizes=\"auto, (max-width: 800px) 100vw, 800px\" \/><\/figure>\n\n\n\n<figure class=\"wp-block-image\"><img loading=\"lazy\" decoding=\"async\" width=\"800\" height=\"469\" src=\"https:\/\/diesterwegschule-soemmerda.de\/wp-content\/uploads\/2019\/04\/Schulhof01.jpg\" alt=\"\" class=\"wp-image-245\" srcset=\"https:\/\/diesterwegschule-soemmerda.de\/wp-content\/uploads\/2019\/04\/Schulhof01.jpg 800w, https:\/\/diesterwegschule-soemmerda.de\/wp-content\/uploads\/2019\/04\/Schulhof01-300x176.jpg 300w, https:\/\/diesterwegschule-soemmerda.de\/wp-content\/uploads\/2019\/04\/Schulhof01-768x450.jpg 768w\" sizes=\"auto, (max-width: 800px) 100vw, 800px\" \/><\/figure>\n\n\n\n<figure class=\"wp-block-image size-large\"><img loading=\"lazy\" decoding=\"async\" width=\"1000\" height=\"667\" src=\"https:\/\/diesterwegschule-soemmerda.de\/wp-content\/uploads\/2020\/11\/2020CEH_Turnhalle.jpg\" alt=\"\" class=\"wp-image-1852\" srcset=\"https:\/\/diesterwegschule-soemmerda.de\/wp-content\/uploads\/2020\/11\/2020CEH_Turnhalle.jpg 1000w, https:\/\/diesterwegschule-soemmerda.de\/wp-content\/uploads\/2020\/11\/2020CEH_Turnhalle-300x200.jpg 300w, https:\/\/diesterwegschule-soemmerda.de\/wp-content\/uploads\/2020\/11\/2020CEH_Turnhalle-768x512.jpg 768w, https:\/\/diesterwegschule-soemmerda.de\/wp-content\/uploads\/2020\/11\/2020CEH_Turnhalle-120x80.jpg 120w\" sizes=\"auto, (max-width: 1000px) 100vw, 1000px\" \/><figcaption>Unsere Turnhalle befindet sich direkt auf dem Schulhof. (Foto: CEH &#8211; Lisa Canzler 2020)<\/figcaption><\/figure>\n\n\n\n<figure class=\"wp-block-gallery columns-2 is-cropped wp-block-gallery-1 is-layout-flex wp-block-gallery-is-layout-flex\"><ul class=\"blocks-gallery-grid\"><li class=\"blocks-gallery-item\"><figure><img loading=\"lazy\" decoding=\"async\" width=\"686\" height=\"1024\" src=\"https:\/\/diesterwegschule-soemmerda.de\/wp-content\/uploads\/2019\/04\/Turnhalle01-1-686x1024.jpg\" alt=\"\" data-id=\"377\" data-link=\"https:\/\/diesterwegschule-soemmerda.de\/?attachment_id=377\" class=\"wp-image-377\" srcset=\"https:\/\/diesterwegschule-soemmerda.de\/wp-content\/uploads\/2019\/04\/Turnhalle01-1-686x1024.jpg 686w, https:\/\/diesterwegschule-soemmerda.de\/wp-content\/uploads\/2019\/04\/Turnhalle01-1-201x300.jpg 201w, https:\/\/diesterwegschule-soemmerda.de\/wp-content\/uploads\/2019\/04\/Turnhalle01-1-768x1147.jpg 768w, https:\/\/diesterwegschule-soemmerda.de\/wp-content\/uploads\/2019\/04\/Turnhalle01-1.jpg 800w\" sizes=\"auto, (max-width: 686px) 100vw, 686px\" \/><\/figure><\/li><li class=\"blocks-gallery-item\"><figure><img loading=\"lazy\" decoding=\"async\" width=\"599\" height=\"800\" src=\"https:\/\/diesterwegschule-soemmerda.de\/wp-content\/uploads\/2019\/04\/Turnhalle04-1.jpg\" alt=\"\" data-id=\"378\" data-link=\"https:\/\/diesterwegschule-soemmerda.de\/?attachment_id=378\" class=\"wp-image-378\" srcset=\"https:\/\/diesterwegschule-soemmerda.de\/wp-content\/uploads\/2019\/04\/Turnhalle04-1.jpg 599w, https:\/\/diesterwegschule-soemmerda.de\/wp-content\/uploads\/2019\/04\/Turnhalle04-1-225x300.jpg 225w\" sizes=\"auto, (max-width: 599px) 100vw, 599px\" \/><\/figure><\/li><\/ul><\/figure>\n\n\n\n<figure class=\"wp-block-image is-resized\"><img loading=\"lazy\" decoding=\"async\" src=\"https:\/\/diesterwegschule-soemmerda.de\/wp-content\/uploads\/2019\/04\/Turnhalle03.jpg\" alt=\"\" class=\"wp-image-249\" width=\"800\" height=\"600\" srcset=\"https:\/\/diesterwegschule-soemmerda.de\/wp-content\/uploads\/2019\/04\/Turnhalle03.jpg 800w, https:\/\/diesterwegschule-soemmerda.de\/wp-content\/uploads\/2019\/04\/Turnhalle03-300x225.jpg 300w, https:\/\/diesterwegschule-soemmerda.de\/wp-content\/uploads\/2019\/04\/Turnhalle03-768x576.jpg 768w\" sizes=\"auto, (max-width: 800px) 100vw, 800px\" \/><\/figure>\n\n\n\n<figure class=\"wp-block-image size-large\"><img loading=\"lazy\" decoding=\"async\" width=\"1000\" height=\"667\" src=\"https:\/\/diesterwegschule-soemmerda.de\/wp-content\/uploads\/2020\/11\/2020CEH_Sportplatz.jpg\" alt=\"\" class=\"wp-image-1853\" srcset=\"https:\/\/diesterwegschule-soemmerda.de\/wp-content\/uploads\/2020\/11\/2020CEH_Sportplatz.jpg 1000w, https:\/\/diesterwegschule-soemmerda.de\/wp-content\/uploads\/2020\/11\/2020CEH_Sportplatz-300x200.jpg 300w, https:\/\/diesterwegschule-soemmerda.de\/wp-content\/uploads\/2020\/11\/2020CEH_Sportplatz-768x512.jpg 768w, https:\/\/diesterwegschule-soemmerda.de\/wp-content\/uploads\/2020\/11\/2020CEH_Sportplatz-120x80.jpg 120w\" sizes=\"auto, (max-width: 1000px) 100vw, 1000px\" \/><figcaption>Unser Au\u00dfensportgel\u00e4nde mitten im Gr\u00fcnen (Foto: CEH &#8211; Lisa Canzler 2020)<\/figcaption><\/figure>\n\n\n\n<figure class=\"wp-block-image\"><img loading=\"lazy\" decoding=\"async\" width=\"800\" height=\"455\" src=\"https:\/\/diesterwegschule-soemmerda.de\/wp-content\/uploads\/2019\/04\/Sportplatz01-1.jpg\" alt=\"\" class=\"wp-image-257\" srcset=\"https:\/\/diesterwegschule-soemmerda.de\/wp-content\/uploads\/2019\/04\/Sportplatz01-1.jpg 800w, https:\/\/diesterwegschule-soemmerda.de\/wp-content\/uploads\/2019\/04\/Sportplatz01-1-300x171.jpg 300w, https:\/\/diesterwegschule-soemmerda.de\/wp-content\/uploads\/2019\/04\/Sportplatz01-1-768x437.jpg 768w\" sizes=\"auto, (max-width: 800px) 100vw, 800px\" \/><\/figure>\n\n\n\n<figure class=\"wp-block-gallery columns-2 is-cropped wp-block-gallery-2 is-layout-flex wp-block-gallery-is-layout-flex\"><ul class=\"blocks-gallery-grid\"><li class=\"blocks-gallery-item\"><figure><img loading=\"lazy\" decoding=\"async\" width=\"536\" height=\"800\" src=\"https:\/\/diesterwegschule-soemmerda.de\/wp-content\/uploads\/2019\/04\/Sportplatz02-1.jpg\" alt=\"\" data-id=\"379\" data-link=\"https:\/\/diesterwegschule-soemmerda.de\/?attachment_id=379\" class=\"wp-image-379\" srcset=\"https:\/\/diesterwegschule-soemmerda.de\/wp-content\/uploads\/2019\/04\/Sportplatz02-1.jpg 536w, https:\/\/diesterwegschule-soemmerda.de\/wp-content\/uploads\/2019\/04\/Sportplatz02-1-201x300.jpg 201w\" sizes=\"auto, (max-width: 536px) 100vw, 536px\" \/><\/figure><\/li><li class=\"blocks-gallery-item\"><figure><img loading=\"lazy\" decoding=\"async\" width=\"536\" height=\"800\" src=\"https:\/\/diesterwegschule-soemmerda.de\/wp-content\/uploads\/2019\/04\/Sportplatz03-1.jpg\" alt=\"\" data-id=\"380\" data-link=\"https:\/\/diesterwegschule-soemmerda.de\/?attachment_id=380\" class=\"wp-image-380\" srcset=\"https:\/\/diesterwegschule-soemmerda.de\/wp-content\/uploads\/2019\/04\/Sportplatz03-1.jpg 536w, https:\/\/diesterwegschule-soemmerda.de\/wp-content\/uploads\/2019\/04\/Sportplatz03-1-201x300.jpg 201w\" sizes=\"auto, (max-width: 536px) 100vw, 536px\" \/><\/figure><\/li><\/ul><\/figure>\n\n\n\n<p>Unser Schulgel\u00e4nde beherbergt au\u00dferdem einen Schulgarten mit Biotop, Insektenhotel, Trockensteinmauer und Barfu\u00dfpfad, einen alten Baumbestand sowie gro\u00dfz\u00fcgige Gr\u00fcnfl\u00e4chen, die zum Spielen und Toben einladen. Zwischen Turnhalle und Au\u00dfensportanlage befindet sich unser Spielplatz mit Schaukeln, Balancierbalken, Kletterturm mit Rutsche und einem Sandkasten. <\/p>\n\n\n\n<figure class=\"wp-block-gallery columns-2 is-cropped wp-block-gallery-3 is-layout-flex wp-block-gallery-is-layout-flex\"><ul class=\"blocks-gallery-grid\"><li class=\"blocks-gallery-item\"><figure><img loading=\"lazy\" decoding=\"async\" width=\"800\" height=\"600\" src=\"https:\/\/diesterwegschule-soemmerda.de\/wp-content\/uploads\/2019\/04\/Barfusspfad-2.jpg\" alt=\"\" data-id=\"382\" data-link=\"https:\/\/diesterwegschule-soemmerda.de\/?attachment_id=382\" class=\"wp-image-382\" srcset=\"https:\/\/diesterwegschule-soemmerda.de\/wp-content\/uploads\/2019\/04\/Barfusspfad-2.jpg 800w, https:\/\/diesterwegschule-soemmerda.de\/wp-content\/uploads\/2019\/04\/Barfusspfad-2-300x225.jpg 300w, https:\/\/diesterwegschule-soemmerda.de\/wp-content\/uploads\/2019\/04\/Barfusspfad-2-768x576.jpg 768w\" sizes=\"auto, (max-width: 800px) 100vw, 800px\" \/><\/figure><\/li><li class=\"blocks-gallery-item\"><figure><img loading=\"lazy\" decoding=\"async\" width=\"800\" height=\"536\" src=\"https:\/\/diesterwegschule-soemmerda.de\/wp-content\/uploads\/2019\/04\/Schulgarten01-1.jpg\" alt=\"\" data-id=\"383\" data-link=\"https:\/\/diesterwegschule-soemmerda.de\/?attachment_id=383\" class=\"wp-image-383\" srcset=\"https:\/\/diesterwegschule-soemmerda.de\/wp-content\/uploads\/2019\/04\/Schulgarten01-1.jpg 800w, https:\/\/diesterwegschule-soemmerda.de\/wp-content\/uploads\/2019\/04\/Schulgarten01-1-300x201.jpg 300w, https:\/\/diesterwegschule-soemmerda.de\/wp-content\/uploads\/2019\/04\/Schulgarten01-1-768x515.jpg 768w, https:\/\/diesterwegschule-soemmerda.de\/wp-content\/uploads\/2019\/04\/Schulgarten01-1-120x80.jpg 120w\" sizes=\"auto, (max-width: 800px) 100vw, 800px\" \/><\/figure><\/li><li class=\"blocks-gallery-item\"><figure><img loading=\"lazy\" decoding=\"async\" width=\"800\" height=\"536\" src=\"https:\/\/diesterwegschule-soemmerda.de\/wp-content\/uploads\/2019\/04\/Schulgarten02-1.jpg\" alt=\"\" data-id=\"384\" data-link=\"https:\/\/diesterwegschule-soemmerda.de\/?attachment_id=384\" class=\"wp-image-384\" srcset=\"https:\/\/diesterwegschule-soemmerda.de\/wp-content\/uploads\/2019\/04\/Schulgarten02-1.jpg 800w, https:\/\/diesterwegschule-soemmerda.de\/wp-content\/uploads\/2019\/04\/Schulgarten02-1-300x201.jpg 300w, https:\/\/diesterwegschule-soemmerda.de\/wp-content\/uploads\/2019\/04\/Schulgarten02-1-768x515.jpg 768w, https:\/\/diesterwegschule-soemmerda.de\/wp-content\/uploads\/2019\/04\/Schulgarten02-1-120x80.jpg 120w\" sizes=\"auto, (max-width: 800px) 100vw, 800px\" \/><\/figure><\/li><li class=\"blocks-gallery-item\"><figure><img loading=\"lazy\" decoding=\"async\" width=\"800\" height=\"536\" src=\"https:\/\/diesterwegschule-soemmerda.de\/wp-content\/uploads\/2019\/04\/Schulgarten03-1.jpg\" alt=\"\" data-id=\"385\" data-link=\"https:\/\/diesterwegschule-soemmerda.de\/?attachment_id=385\" class=\"wp-image-385\" srcset=\"https:\/\/diesterwegschule-soemmerda.de\/wp-content\/uploads\/2019\/04\/Schulgarten03-1.jpg 800w, https:\/\/diesterwegschule-soemmerda.de\/wp-content\/uploads\/2019\/04\/Schulgarten03-1-300x201.jpg 300w, https:\/\/diesterwegschule-soemmerda.de\/wp-content\/uploads\/2019\/04\/Schulgarten03-1-768x515.jpg 768w, https:\/\/diesterwegschule-soemmerda.de\/wp-content\/uploads\/2019\/04\/Schulgarten03-1-120x80.jpg 120w\" sizes=\"auto, (max-width: 800px) 100vw, 800px\" \/><\/figure><\/li><li class=\"blocks-gallery-item\"><figure><img loading=\"lazy\" decoding=\"async\" width=\"800\" height=\"536\" src=\"https:\/\/diesterwegschule-soemmerda.de\/wp-content\/uploads\/2019\/04\/Schulgarten04-1.jpg\" alt=\"\" data-id=\"386\" data-link=\"https:\/\/diesterwegschule-soemmerda.de\/?attachment_id=386\" class=\"wp-image-386\" srcset=\"https:\/\/diesterwegschule-soemmerda.de\/wp-content\/uploads\/2019\/04\/Schulgarten04-1.jpg 800w, https:\/\/diesterwegschule-soemmerda.de\/wp-content\/uploads\/2019\/04\/Schulgarten04-1-300x201.jpg 300w, https:\/\/diesterwegschule-soemmerda.de\/wp-content\/uploads\/2019\/04\/Schulgarten04-1-768x515.jpg 768w, https:\/\/diesterwegschule-soemmerda.de\/wp-content\/uploads\/2019\/04\/Schulgarten04-1-120x80.jpg 120w\" sizes=\"auto, (max-width: 800px) 100vw, 800px\" \/><\/figure><\/li><li class=\"blocks-gallery-item\"><figure><img loading=\"lazy\" decoding=\"async\" width=\"1000\" height=\"669\" src=\"https:\/\/diesterwegschule-soemmerda.de\/wp-content\/uploads\/2019\/04\/Schulgarten05.jpg\" alt=\"\" data-id=\"387\" data-link=\"https:\/\/diesterwegschule-soemmerda.de\/?attachment_id=387\" class=\"wp-image-387\" srcset=\"https:\/\/diesterwegschule-soemmerda.de\/wp-content\/uploads\/2019\/04\/Schulgarten05.jpg 1000w, https:\/\/diesterwegschule-soemmerda.de\/wp-content\/uploads\/2019\/04\/Schulgarten05-300x201.jpg 300w, https:\/\/diesterwegschule-soemmerda.de\/wp-content\/uploads\/2019\/04\/Schulgarten05-768x514.jpg 768w, https:\/\/diesterwegschule-soemmerda.de\/wp-content\/uploads\/2019\/04\/Schulgarten05-120x80.jpg 120w\" sizes=\"auto, (max-width: 1000px) 100vw, 1000px\" \/><\/figure><\/li><\/ul><\/figure>\n\n\n\n<p>Hier l\u00e4sst es sich gut in den Pausen oder nach dem Unterricht spielen und toben &#8230;<\/p>\n\n\n\n<figure class=\"wp-block-image\"><img loading=\"lazy\" decoding=\"async\" width=\"800\" height=\"536\" src=\"https:\/\/diesterwegschule-soemmerda.de\/wp-content\/uploads\/2019\/04\/Spielplatz02.jpg\" alt=\"\" class=\"wp-image-326\" srcset=\"https:\/\/diesterwegschule-soemmerda.de\/wp-content\/uploads\/2019\/04\/Spielplatz02.jpg 800w, https:\/\/diesterwegschule-soemmerda.de\/wp-content\/uploads\/2019\/04\/Spielplatz02-300x201.jpg 300w, https:\/\/diesterwegschule-soemmerda.de\/wp-content\/uploads\/2019\/04\/Spielplatz02-768x515.jpg 768w, https:\/\/diesterwegschule-soemmerda.de\/wp-content\/uploads\/2019\/04\/Spielplatz02-120x80.jpg 120w\" sizes=\"auto, (max-width: 800px) 100vw, 800px\" \/><\/figure>\n\n\n\n<figure class=\"wp-block-image\"><img loading=\"lazy\" decoding=\"async\" width=\"800\" height=\"536\" src=\"https:\/\/diesterwegschule-soemmerda.de\/wp-content\/uploads\/2019\/04\/Spielplatz01.jpg\" alt=\"\" class=\"wp-image-327\" srcset=\"https:\/\/diesterwegschule-soemmerda.de\/wp-content\/uploads\/2019\/04\/Spielplatz01.jpg 800w, https:\/\/diesterwegschule-soemmerda.de\/wp-content\/uploads\/2019\/04\/Spielplatz01-300x201.jpg 300w, https:\/\/diesterwegschule-soemmerda.de\/wp-content\/uploads\/2019\/04\/Spielplatz01-768x515.jpg 768w, https:\/\/diesterwegschule-soemmerda.de\/wp-content\/uploads\/2019\/04\/Spielplatz01-120x80.jpg 120w\" sizes=\"auto, (max-width: 800px) 100vw, 800px\" \/><\/figure>\n","protected":false},"excerpt":{"rendered":"<p>Unser Schulgel\u00e4nde ist ca. 20.000 m\u00b2 gro\u00df und sehr gr\u00fcn und weitl\u00e4ufig. Auf dem Schulhof befindet sich unsere gut ausgestattete<\/p>\n","protected":false},"author":1,"featured_media":0,"parent":0,"menu_order":0,"comment_status":"closed","ping_status":"closed","template":"","meta":{"footnotes":""},"class_list":["post-45","page","type-page","status-publish","hentry"],"_links":{"self":[{"href":"https:\/\/diesterwegschule-soemmerda.de\/index.php?rest_route=\/wp\/v2\/pages\/45","targetHints":{"allow":["GET"]}}],"collection":[{"href":"https:\/\/diesterwegschule-soemmerda.de\/index.php?rest_route=\/wp\/v2\/pages"}],"about":[{"href":"https:\/\/diesterwegschule-soemmerda.de\/index.php?rest_route=\/wp\/v2\/types\/page"}],"author":[{"embeddable":true,"href":"https:\/\/diesterwegschule-soemmerda.de\/index.php?rest_route=\/wp\/v2\/users\/1"}],"replies":[{"embeddable":true,"href":"https:\/\/diesterwegschule-soemmerda.de\/index.php?rest_route=%2Fwp%2Fv2%2Fcomments&post=45"}],"version-history":[{"count":7,"href":"https:\/\/diesterwegschule-soemmerda.de\/index.php?rest_route=\/wp\/v2\/pages\/45\/revisions"}],"predecessor-version":[{"id":1854,"href":"https:\/\/diesterwegschule-soemmerda.de\/index.php?rest_route=\/wp\/v2\/pages\/45\/revisions\/1854"}],"wp:attachment":[{"href":"https:\/\/diesterwegschule-soemmerda.de\/index.php?rest_route=%2Fwp%2Fv2%2Fmedia&parent=45"}],"curies":[{"name":"wp","href":"https:\/\/api.w.org\/{rel}","templated":true}]}}