{"id":49,"date":"2019-04-24T10:07:01","date_gmt":"2019-04-24T10:07:01","guid":{"rendered":"http:\/\/diesterwegschule-soemmerda.de\/?page_id=49"},"modified":"2021-02-18T19:29:25","modified_gmt":"2021-02-18T19:29:25","slug":"das-haben-wir-bereits-erreicht","status":"publish","type":"page","link":"https:\/\/diesterwegschule-soemmerda.de\/?page_id=49","title":{"rendered":"Das haben wir bereits erreicht"},"content":{"rendered":"\n<p>Finanzierung von<\/p>\n\n\n\n<ul class=\"wp-block-list\"><li>Kletterwand zum Schulfest<\/li><li>Zirkusprojekten<\/li><li>Schulplanetarium f\u00fcr die Klasse 4<\/li><\/ul>\n\n\n\n<p>Anschaffung von<\/p>\n\n\n\n<ul class=\"wp-block-list\"><li>Leinw\u00e4nden, Beamern und Dokumentenkameras zur medialen Unterst\u00fctzung des Unterrichts<\/li><li>unserem neuen Sandkasten (24 qm) auf dem Spielplatz<\/li><li>Fahrten zum Streicherklassentreffen und zur Landesgartenschau Apolda<\/li><li>einem Klassensatz Rollbrettern f\u00fcr unsere Turnhalle<\/li><li>Instrumenten f\u00fcr die Streicherklasse<\/li><li>Bewegungskisten f\u00fcr die Pausen<\/li><li>Schulshirts<\/li><li>Urkunden &amp; Sachpreisen zur Unterst\u00fctzung von schulischen Wettbewerben (Lesefeste, Papierbr\u00fcckenwettbewerb, \u2026)<\/li><li>Medaillen f\u00fcr unser Teamsportfest<\/li><\/ul>\n\n\n\n<p><strong>&nbsp; \u2026\nund vieles mehr!<\/strong><\/p>\n\n\n\n<figure class=\"wp-block-image\"><img loading=\"lazy\" decoding=\"async\" width=\"1000\" height=\"789\" src=\"https:\/\/diesterwegschule-soemmerda.de\/wp-content\/uploads\/2019\/04\/2018-06_Sportfest.jpg\" alt=\"\" class=\"wp-image-168\" srcset=\"https:\/\/diesterwegschule-soemmerda.de\/wp-content\/uploads\/2019\/04\/2018-06_Sportfest.jpg 1000w, https:\/\/diesterwegschule-soemmerda.de\/wp-content\/uploads\/2019\/04\/2018-06_Sportfest-300x237.jpg 300w, https:\/\/diesterwegschule-soemmerda.de\/wp-content\/uploads\/2019\/04\/2018-06_Sportfest-768x606.jpg 768w\" sizes=\"auto, (max-width: 1000px) 100vw, 1000px\" \/><\/figure>\n","protected":false},"excerpt":{"rendered":"<p>Finanzierung von Kletterwand zum Schulfest Zirkusprojekten Schulplanetarium f\u00fcr die Klasse 4 Anschaffung von Leinw\u00e4nden, Beamern und Dokumentenkameras zur medialen Unterst\u00fctzung<\/p>\n","protected":false},"author":1,"featured_media":0,"parent":0,"menu_order":0,"comment_status":"closed","ping_status":"closed","template":"","meta":{"footnotes":""},"class_list":["post-49","page","type-page","status-publish","hentry"],"_links":{"self":[{"href":"https:\/\/diesterwegschule-soemmerda.de\/index.php?rest_route=\/wp\/v2\/pages\/49","targetHints":{"allow":["GET"]}}],"collection":[{"href":"https:\/\/diesterwegschule-soemmerda.de\/index.php?rest_route=\/wp\/v2\/pages"}],"about":[{"href":"https:\/\/diesterwegschule-soemmerda.de\/index.php?rest_route=\/wp\/v2\/types\/page"}],"author":[{"embeddable":true,"href":"https:\/\/diesterwegschule-soemmerda.de\/index.php?rest_route=\/wp\/v2\/users\/1"}],"replies":[{"embeddable":true,"href":"https:\/\/diesterwegschule-soemmerda.de\/index.php?rest_route=%2Fwp%2Fv2%2Fcomments&post=49"}],"version-history":[{"count":5,"href":"https:\/\/diesterwegschule-soemmerda.de\/index.php?rest_route=\/wp\/v2\/pages\/49\/revisions"}],"predecessor-version":[{"id":2077,"href":"https:\/\/diesterwegschule-soemmerda.de\/index.php?rest_route=\/wp\/v2\/pages\/49\/revisions\/2077"}],"wp:attachment":[{"href":"https:\/\/diesterwegschule-soemmerda.de\/index.php?rest_route=%2Fwp%2Fv2%2Fmedia&parent=49"}],"curies":[{"name":"wp","href":"https:\/\/api.w.org\/{rel}","templated":true}]}}