{"id":51,"date":"2019-04-24T10:00:34","date_gmt":"2019-04-24T10:00:34","guid":{"rendered":"http:\/\/diesterwegschule-soemmerda.de\/?page_id=51"},"modified":"2019-09-11T19:58:04","modified_gmt":"2019-09-11T19:58:04","slug":"mitglied-werden","status":"publish","type":"page","link":"https:\/\/diesterwegschule-soemmerda.de\/?page_id=51","title":{"rendered":"Mitglied werden"},"content":{"rendered":"\n<p>Jede Erwachsene Person, der das Wohlergehen unserer Sch\u00fcler wichtig ist und die unsere Ziele unterst\u00fctzen m\u00f6chte, kann Mitglied in unserem Schulf\u00f6rderverein werden. <\/p>\n\n\n\n<h3 class=\"wp-block-heading\"><strong>Was kostet die Mitgliedschaft?<\/strong><\/h3>\n\n\n\n<p>Mindestens 18,- \u20ac im Jahr \u2013 gern auch mehr etwas Zeit, Engagement und gute Ideen.<\/p>\n\n\n\n<h3 class=\"wp-block-heading\"><strong>Und so einfach geht es!<\/strong><\/h3>\n\n\n\n<p>Drucken Sie bitte den folgenden Mitgliedsantrag aus und schicken Sie ihn ausgef\u00fcllt und unterschrieben an den F\u00f6rderverein oder geben Sie ihn einfach in unserem Sekretariat ab.<\/p>\n\n\n\n<div class=\"wp-block-file\"><a href=\"https:\/\/diesterwegschule-soemmerda.de\/wp-content\/uploads\/2019\/09\/Flyer_F\u00f6rderverein.pdf\">Flyer_F\u00f6rderverein<\/a><a href=\"https:\/\/diesterwegschule-soemmerda.de\/wp-content\/uploads\/2019\/09\/Flyer_F\u00f6rderverein.pdf\" class=\"wp-block-file__button\" download>Herunterladen<\/a><\/div>\n","protected":false},"excerpt":{"rendered":"<p>Jede Erwachsene Person, der das Wohlergehen unserer Sch\u00fcler wichtig ist und die unsere Ziele unterst\u00fctzen m\u00f6chte, kann Mitglied in unserem<\/p>\n","protected":false},"author":1,"featured_media":0,"parent":0,"menu_order":0,"comment_status":"closed","ping_status":"closed","template":"","meta":{"footnotes":""},"class_list":["post-51","page","type-page","status-publish","hentry"],"_links":{"self":[{"href":"https:\/\/diesterwegschule-soemmerda.de\/index.php?rest_route=\/wp\/v2\/pages\/51","targetHints":{"allow":["GET"]}}],"collection":[{"href":"https:\/\/diesterwegschule-soemmerda.de\/index.php?rest_route=\/wp\/v2\/pages"}],"about":[{"href":"https:\/\/diesterwegschule-soemmerda.de\/index.php?rest_route=\/wp\/v2\/types\/page"}],"author":[{"embeddable":true,"href":"https:\/\/diesterwegschule-soemmerda.de\/index.php?rest_route=\/wp\/v2\/users\/1"}],"replies":[{"embeddable":true,"href":"https:\/\/diesterwegschule-soemmerda.de\/index.php?rest_route=%2Fwp%2Fv2%2Fcomments&post=51"}],"version-history":[{"count":3,"href":"https:\/\/diesterwegschule-soemmerda.de\/index.php?rest_route=\/wp\/v2\/pages\/51\/revisions"}],"predecessor-version":[{"id":845,"href":"https:\/\/diesterwegschule-soemmerda.de\/index.php?rest_route=\/wp\/v2\/pages\/51\/revisions\/845"}],"wp:attachment":[{"href":"https:\/\/diesterwegschule-soemmerda.de\/index.php?rest_route=%2Fwp%2Fv2%2Fmedia&parent=51"}],"curies":[{"name":"wp","href":"https:\/\/api.w.org\/{rel}","templated":true}]}}